{"id":10,"date":"2023-03-17T13:31:33","date_gmt":"2023-03-17T13:31:33","guid":{"rendered":"https:\/\/storegardense.kinsta.cloud\/?page_id=10"},"modified":"2023-11-11T20:22:13","modified_gmt":"2023-11-11T20:22:13","slug":"hem","status":"publish","type":"page","link":"https:\/\/store-garden.se\/","title":{"rendered":"Hem"},"content":{"rendered":"<p>[et_pb_section fb_built=&#8221;1&#8243; _builder_version=&#8221;4.20.2&#8243; _module_preset=&#8221;default&#8221; use_background_color_gradient=&#8221;on&#8221; background_color_gradient_direction=&#8221;35deg&#8221; background_color_gradient_stops=&#8221;#1c2c50 0%|rgba(255,255,255,0) 47%&#8221; background_color_gradient_overlays_image=&#8221;on&#8221; background_image=&#8221;https:\/\/store-garden.se\/wp-content\/uploads\/2023\/03\/Storegarden_Hero_230317.webp&#8221; background_position=&#8221;top_center&#8221; background_last_edited=&#8221;on|phone&#8221; background_image_phone=&#8221;https:\/\/store-garden.se\/wp-content\/uploads\/2023\/03\/Storegarden_MobHero2_230317.webp&#8221; background_enable_image_phone=&#8221;on&#8221; global_colors_info=&#8221;{}&#8221;][et_pb_row _builder_version=&#8221;4.20.2&#8243; _module_preset=&#8221;default&#8221; custom_margin=&#8221;-234px||||false|false&#8221; global_colors_info=&#8221;{}&#8221;][et_pb_column type=&#8221;4_4&#8243; _builder_version=&#8221;4.20.2&#8243; _module_preset=&#8221;default&#8221; global_colors_info=&#8221;{}&#8221;][et_pb_text _builder_version=&#8221;4.20.2&#8243; _module_preset=&#8221;default&#8221; header_font=&#8221;Alice|700|||||||&#8221; header_text_color=&#8221;#FFFFFF&#8221; header_font_size=&#8221;90px&#8221; header_2_font_size=&#8221;40px&#8221; custom_margin=&#8221;251px||29px||false|false&#8221; custom_margin_tablet=&#8221;251px||29px||false|false&#8221; custom_margin_phone=&#8221;407px||29px||false|false&#8221; custom_margin_last_edited=&#8221;on|phone&#8221; header_font_tablet=&#8221;Alice|700|||||||&#8221; header_font_phone=&#8221;Alice|700|||||||&#8221; header_font_last_edited=&#8221;on|desktop&#8221; header_font_size_tablet=&#8221;90px&#8221; header_font_size_phone=&#8221;56px&#8221; header_font_size_last_edited=&#8221;on|phone&#8221; header_text_shadow_style=&#8221;preset3&#8243; global_colors_info=&#8221;{}&#8221;]<\/p>\n<h1>Svenskt<br \/>k\u00f6tt fr\u00e5n<br \/>egna g\u00e5rdar.<\/h1>\n<p>[\/et_pb_text][et_pb_text _builder_version=&#8221;4.20.2&#8243; _module_preset=&#8221;default&#8221; text_text_color=&#8221;#000000&#8243; header_2_font=&#8221;Alice|700|||||||&#8221; header_2_text_color=&#8221;#FFFFFF&#8221; header_2_font_size=&#8221;25px&#8221; header_2_line_height=&#8221;1.5em&#8221; background_enable_color=&#8221;off&#8221; header_font_size_tablet=&#8221;&#8221; header_font_size_phone=&#8221;27px&#8221; header_font_size_last_edited=&#8221;on|phone&#8221; header_2_font_size_tablet=&#8221;25px&#8221; header_2_font_size_phone=&#8221;15px&#8221; header_2_font_size_last_edited=&#8221;on|phone&#8221; header_2_text_shadow_style=&#8221;preset3&#8243; global_colors_info=&#8221;{}&#8221;]<\/p>\n<h2>Storeg\u00e5rden f\u00f6rser dagligvaruhandeln med v\u00e5rt eget varum\u00e4rke &#8221;Storeg\u00e5rden&#8221; Svenskt k\u00f6tt fr\u00e5n v\u00e5ra egna g\u00e5rdar. Genom att \u00e4ga hela v\u00e4rdekedjan, fr\u00e5n uppf\u00f6dning till slutprodukt, kan vi s\u00e4kerst\u00e4lla h\u00f6g kvalitet och konkurrenskraftiga priser f\u00f6r v\u00e5ra kunder.<\/h2>\n<h2>V\u00e5rt sortiment inneh\u00e5ller f\u00e4rska produkter, kryddat grillsortiment, korv och r\u00f6kta produkter som bacon och kassler.<\/h2>\n<p>[\/et_pb_text][\/et_pb_column][\/et_pb_row][\/et_pb_section][et_pb_section fb_built=&#8221;1&#8243; _builder_version=&#8221;4.20.2&#8243; _module_preset=&#8221;default&#8221; background_color=&#8221;#FAF5EE&#8221; custom_margin=&#8221;0px|0px|0px|0px|false|false&#8221; custom_padding=&#8221;0px|0px|0px|0px|false|false&#8221; global_colors_info=&#8221;{}&#8221;][et_pb_row column_structure=&#8221;1_2,1_2&#8243; use_custom_gutter=&#8221;on&#8221; gutter_width=&#8221;1&#8243; make_equal=&#8221;on&#8221; _builder_version=&#8221;4.20.2&#8243; _module_preset=&#8221;default&#8221; background_color=&#8221;RGBA(255,255,255,0)&#8221; width=&#8221;100%&#8221; max_width=&#8221;3800px&#8221; module_alignment=&#8221;center&#8221; custom_margin=&#8221;0px|0px|0px|0px|false|false&#8221; custom_padding=&#8221;0px|0px|0px|0px|false|false&#8221; global_colors_info=&#8221;{}&#8221;][et_pb_column type=&#8221;1_2&#8243; _builder_version=&#8221;4.20.2&#8243; _module_preset=&#8221;default&#8221; background_color=&#8221;#1C2C50&#8243; custom_padding=&#8221;150px||150px||false|false&#8221; custom_padding_tablet=&#8221;150px||150px||false|false&#8221; custom_padding_phone=&#8221;0px|50px|66px|50px|false|false&#8221; custom_padding_last_edited=&#8221;on|phone&#8221; global_colors_info=&#8221;{}&#8221;][et_pb_image src=&#8221;https:\/\/store-garden.se\/wp-content\/uploads\/2023\/03\/Kott_fran_Sverige.webp&#8221; title_text=&#8221;Kott_fran_Sverige&#8221; align=&#8221;center&#8221; _builder_version=&#8221;4.20.2&#8243; _module_preset=&#8221;default&#8221; width=&#8221;50%&#8221; module_alignment=&#8221;center&#8221; custom_margin=&#8221;||||false|false&#8221; custom_padding=&#8221;||||false|false&#8221; global_colors_info=&#8221;{}&#8221;][\/et_pb_image][\/et_pb_column][et_pb_column type=&#8221;1_2&#8243; module_id=&#8221;kott_sverige&#8221; _builder_version=&#8221;4.20.2&#8243; _module_preset=&#8221;default&#8221; background_color=&#8221;RGBA(255,255,255,0)&#8221; custom_padding=&#8221;||||false|false&#8221; custom_css_main_element=&#8221;margin:auto;&#8221; global_colors_info=&#8221;{}&#8221;][et_pb_text _builder_version=&#8221;4.20.2&#8243; _module_preset=&#8221;default&#8221; text_font=&#8221;|600|||||||&#8221; text_text_color=&#8221;#000000&#8243; header_font=&#8221;||||||||&#8221; header_2_font=&#8221;|700|||||||&#8221; header_3_font=&#8221;||||||||&#8221; background_color=&#8221;RGBA(255,255,255,0)&#8221; max_height=&#8221;999px&#8221; custom_margin=&#8221;0px|0px|0px|0px|false|false&#8221; custom_padding=&#8221;150px|150px|150px|150px|false|false&#8221; custom_padding_tablet=&#8221;150px|150px|150px|150px|false|false&#8221; custom_padding_phone=&#8221;40px|40px|40px|40px|false|false&#8221; custom_padding_last_edited=&#8221;on|phone&#8221; global_colors_info=&#8221;{}&#8221;]<\/p>\n<h2>V\u00e4lj k\u00f6tt fr\u00e5n Sverige.<\/h2>\n<p>Att just du v\u00e4ljer att k\u00f6pa in eller upphandla svenskt k\u00f6tt har en avg\u00f6rande betydelse. Genom att du k\u00f6per svenskt k\u00f6tt f\u00e5r b\u00f6nderna en m\u00f6jlighet att slakta fler djur och d\u00e4rigenom skapa plats f\u00f6r nya kalvar och sm\u00e5grisar.<\/p>\n<p>Med en l\u00e5ngsiktig, stabil efterfr\u00e5gan p\u00e5 svenskt k\u00f6tt kan vi tillsammans bidra till att korta k\u00f6erna till slakterierna och beh\u00e5lla en v\u00e4lm\u00e5ende svensk k\u00f6ttproduktion.<\/p>\n<p>Det svenska k\u00f6ttet kommer med m\u00e5nga fina merv\u00e4rden, till exempel god djuromsorg och friska djur utan behov av antibiotika. Det \u00e4r ett h\u00e5llbart producerat k\u00f6tt, d\u00e4r alla delar p\u00e5 ett djur tas tillvara, vilket bland annat ger l\u00e5g klimatp\u00e5verkan.<\/p>\n<p>Det svenska fodret bidrar i allra h\u00f6gsta grad till de svenska merv\u00e4rdena. Det \u00e4r oftast n\u00e4rodlat p\u00e5 den egna g\u00e5rden eller hos en granne i n\u00e4romr\u00e5det.<\/p>\n<p>&nbsp;<\/p>\n<p style=\"padding-left: 200px;\"><span style=\"text-decoration: underline;\"><a href=\"https:\/\/lokalagardar.se\/leverantor\/storegarden\/\"><strong>Bes\u00f6k butiken direkt f\u00f6r att utforska v\u00e5rt sortiment<\/strong><\/a><\/span><\/p>\n<p>[\/et_pb_text][\/et_pb_column][\/et_pb_row][\/et_pb_section][et_pb_section fb_built=&#8221;1&#8243; _builder_version=&#8221;4.20.2&#8243; _module_preset=&#8221;default&#8221; custom_margin=&#8221;0px|0px|0px|0px|false|false&#8221; custom_padding=&#8221;0px|0px|0px|0px|false|false&#8221; global_colors_info=&#8221;{}&#8221;][et_pb_row column_structure=&#8221;1_2,1_2&#8243; use_custom_gutter=&#8221;on&#8221; gutter_width=&#8221;1&#8243; make_equal=&#8221;on&#8221; _builder_version=&#8221;4.20.2&#8243; _module_preset=&#8221;default&#8221; background_color=&#8221;#FFFFFF&#8221; background_enable_image=&#8221;off&#8221; width=&#8221;100%&#8221; max_width=&#8221;3800px&#8221; module_alignment=&#8221;center&#8221; custom_margin=&#8221;0px|0px|0px|0px|false|false&#8221; custom_padding=&#8221;0px|0px|0px|0px|false|false&#8221; global_colors_info=&#8221;{}&#8221;][et_pb_column type=&#8221;1_2&#8243; module_id=&#8221;om_oss&#8221; _builder_version=&#8221;4.20.2&#8243; _module_preset=&#8221;default&#8221; background_color=&#8221;RGBA(255,255,255,0)&#8221; global_colors_info=&#8221;{}&#8221;][et_pb_text _builder_version=&#8221;4.23&#8243; _module_preset=&#8221;default&#8221; text_font=&#8221;|600|||||||&#8221; text_text_color=&#8221;#000000&#8243; header_font=&#8221;||||||||&#8221; header_2_font=&#8221;|700|||||||&#8221; header_3_font=&#8221;||||||||&#8221; background_color=&#8221;RGBA(255,255,255,0)&#8221; max_height=&#8221;999px&#8221; custom_margin=&#8221;0px|0px|0px|0px|false|false&#8221; custom_padding=&#8221;150px|150px|150px|150px|false|false&#8221; custom_padding_tablet=&#8221;150px|150px|150px|150px|false|false&#8221; custom_padding_phone=&#8221;40px|40px|40px|40px|false|false&#8221; custom_padding_last_edited=&#8221;on|phone&#8221; hover_enabled=&#8221;0&#8243; global_colors_info=&#8221;{}&#8221; link_option_url=&#8221;https:\/\/lokalagardar.se\/leverantor\/storegarden\/&#8221; sticky_enabled=&#8221;0&#8243;]<\/p>\n<h2>V\u00e4lkommen till Storeg\u00e5rden<\/h2>\n<p>V\u00e4lkommen till Storeg\u00e5rden &#8211; d\u00e4r tradition och innovation m\u00f6ts f\u00f6r att leverera h\u00f6gkvalitativa produkter direkt fr\u00e5n g\u00e5rden till ditt matbord. Vi \u00e4r stolta \u00f6ver att kunna erbjuda dig en historia som str\u00e4cker sig tillbaka till 1965 n\u00e4r Bengt-Inge Lindell startade sin grisuppf\u00f6dning i Sandhem. \u00c5r 1983 k\u00f6pte vi Storeg\u00e5rden och sedan dess har vi arbetat f\u00f6r att ta v\u00e5r verksamhet till nya h\u00f6jder.<\/p>\n<p>Vi \u00e4r ett familjef\u00f6retag med ett dedikerat team som arbetar h\u00e5rt f\u00f6r att s\u00e4kerst\u00e4lla att varje produkt som l\u00e4mnar v\u00e5r g\u00e5rd \u00e4r av h\u00f6gsta kvalitet. \u00c5r 1994 startades Lindells G\u00e5rdsslakteri p\u00e5 Storeg\u00e5rden f\u00f6r att f\u00f6rb\u00e4ttra v\u00e5r l\u00f6nsamhet. Sedan dess har vi investerat i moderna anl\u00e4ggningar och ut\u00f6kat v\u00e5r kapacitet f\u00f6r att kunna m\u00f6ta den \u00f6kande efterfr\u00e5gan. Sedan 2015 \u00e4r uppf\u00f6dningen flyttad till Appuna G\u00e5rd i V\u00e4derstad utanf\u00f6r Motala.<\/p>\n<p>V\u00e5rt sortiment har utvecklats \u00f6ver tid och vi har nu lagt fokus p\u00e5 att n\u00e5 ut direkt till dagligvaruhandeln med v\u00e5rt eget varum\u00e4rke &#8221;Storeg\u00e5rden&#8221;. Genom att \u00e4ga hela v\u00e4rdekedjan, fr\u00e5n uppf\u00f6dning till slutprodukt, kan vi s\u00e4kerst\u00e4lla h\u00f6g kvalitet och konkurrenskraftiga priser f\u00f6r v\u00e5ra kunder. V\u00e5rt sortiment inneh\u00e5ller f\u00e4rska produkter, kryddat grillsortiment, korv och r\u00f6kta produkter som bacon och kassler.<\/p>\n<p>Vi samarbetar med Lokala G\u00e5rdar Aff\u00e4rsutveckling AB som har helhetsansvaret att optimera produktion, ta fram sortiment och h\u00e5lla kontakten med butiker.<\/p>\n<p style=\"padding-left: 160px;\"><span style=\"text-decoration: underline;\"><a href=\"https:\/\/lokalagardar.se\/leverantor\/storegarden\/\"><strong>Bes\u00f6k butiken direkt f\u00f6r att utforska v\u00e5rt sortiment<\/strong><\/a><\/span><\/p>\n<p>[\/et_pb_text][\/et_pb_column][et_pb_column type=&#8221;1_2&#8243; _builder_version=&#8221;4.20.2&#8243; _module_preset=&#8221;default&#8221; background_enable_color=&#8221;off&#8221; background_image=&#8221;https:\/\/store-garden.se\/wp-content\/uploads\/2023\/03\/KoPaVag.webp&#8221; custom_padding=&#8221;150px||150px||false|false&#8221; global_colors_info=&#8221;{}&#8221;][et_pb_image src=&#8221;https:\/\/store-garden.se\/wp-content\/uploads\/2023\/03\/Storegarden_Badge_Pos.png&#8221; title_text=&#8221;Storeg\u00e5rden_Badge_Pos&#8221; align=&#8221;center&#8221; _builder_version=&#8221;4.20.2&#8243; _module_preset=&#8221;default&#8221; custom_padding_tablet=&#8221;&#8221; custom_padding_phone=&#8221;|40px||40px|false|false&#8221; custom_padding_last_edited=&#8221;on|phone&#8221; global_colors_info=&#8221;{}&#8221;][\/et_pb_image][\/et_pb_column][\/et_pb_row][\/et_pb_section][et_pb_section fb_built=&#8221;1&#8243; _builder_version=&#8221;4.20.2&#8243; _module_preset=&#8221;default&#8221; background_color=&#8221;#FAF5EE&#8221; global_colors_info=&#8221;{}&#8221;][et_pb_row _builder_version=&#8221;4.20.2&#8243; _module_preset=&#8221;default&#8221; global_colors_info=&#8221;{}&#8221;][et_pb_column type=&#8221;4_4&#8243; _builder_version=&#8221;4.20.2&#8243; _module_preset=&#8221;default&#8221; global_colors_info=&#8221;{}&#8221;][et_pb_text module_id=&#8221;kontakt&#8221; _builder_version=&#8221;4.20.2&#8243; _module_preset=&#8221;default&#8221; header_font=&#8221;Alice||||||||&#8221; header_2_font=&#8221;Alice||||||||&#8221; header_2_text_align=&#8221;center&#8221; header_2_font_size=&#8221;34px&#8221; header_2_line_height=&#8221;1.3em&#8221; text_font_size_tablet=&#8221;&#8221; text_font_size_phone=&#8221;&#8221; text_font_size_last_edited=&#8221;on|phone&#8221; header_2_font_size_tablet=&#8221;34px&#8221; header_2_font_size_phone=&#8221;18px&#8221; header_2_font_size_last_edited=&#8221;on|desktop&#8221; global_colors_info=&#8221;{}&#8221;]<\/p>\n<h2>Hej! Har du fr\u00e5gor om v\u00e5rt sortiment eller vill bli kund till oss,<br \/>v\u00e4lkommen att kontakta oss via formul\u00e4ret.<\/h2>\n<p>[\/et_pb_text][et_pb_contact_form captcha=&#8221;off&#8221; email=&#8221;stefan@lokalagardar.se&#8221; _builder_version=&#8221;4.20.2&#8243; _module_preset=&#8221;default&#8221; _unique_id=&#8221;b01503a1-4eb9-4b57-81e1-fef28a0a603c&#8221; form_field_background_color=&#8221;#FFFFFF&#8221; custom_button=&#8221;on&#8221; button_text_color=&#8221;#FFFFFF&#8221; button_bg_color=&#8221;#1C2C50&#8243; custom_padding_tablet=&#8221;&#8221; custom_padding_phone=&#8221;||56px||false|false&#8221; custom_padding_last_edited=&#8221;on|phone&#8221; global_colors_info=&#8221;{}&#8221;][et_pb_contact_field field_id=&#8221;Name&#8221; field_title=&#8221;Namn&#8221; _builder_version=&#8221;4.20.2&#8243; global_colors_info=&#8221;{}&#8221; button_text_size__hover_enabled=&#8221;off&#8221; button_one_text_size__hover_enabled=&#8221;off&#8221; button_two_text_size__hover_enabled=&#8221;off&#8221; button_text_color__hover_enabled=&#8221;off&#8221; button_one_text_color__hover_enabled=&#8221;off&#8221; button_two_text_color__hover_enabled=&#8221;off&#8221; button_border_width__hover_enabled=&#8221;off&#8221; button_one_border_width__hover_enabled=&#8221;off&#8221; button_two_border_width__hover_enabled=&#8221;off&#8221; button_border_color__hover_enabled=&#8221;off&#8221; button_one_border_color__hover_enabled=&#8221;off&#8221; button_two_border_color__hover_enabled=&#8221;off&#8221; button_border_radius__hover_enabled=&#8221;off&#8221; button_one_border_radius__hover_enabled=&#8221;off&#8221; button_two_border_radius__hover_enabled=&#8221;off&#8221; button_letter_spacing__hover_enabled=&#8221;off&#8221; button_one_letter_spacing__hover_enabled=&#8221;off&#8221; button_two_letter_spacing__hover_enabled=&#8221;off&#8221; button_bg_color__hover_enabled=&#8221;off&#8221; button_one_bg_color__hover_enabled=&#8221;off&#8221; button_two_bg_color__hover_enabled=&#8221;off&#8221;][\/et_pb_contact_field][et_pb_contact_field field_id=&#8221;Email&#8221; field_title=&#8221;E-postadress&#8221; field_type=&#8221;email&#8221; _builder_version=&#8221;4.16&#8243; global_colors_info=&#8221;{}&#8221; button_text_size__hover_enabled=&#8221;off&#8221; button_one_text_size__hover_enabled=&#8221;off&#8221; button_two_text_size__hover_enabled=&#8221;off&#8221; button_text_color__hover_enabled=&#8221;off&#8221; button_one_text_color__hover_enabled=&#8221;off&#8221; button_two_text_color__hover_enabled=&#8221;off&#8221; button_border_width__hover_enabled=&#8221;off&#8221; button_one_border_width__hover_enabled=&#8221;off&#8221; button_two_border_width__hover_enabled=&#8221;off&#8221; button_border_color__hover_enabled=&#8221;off&#8221; button_one_border_color__hover_enabled=&#8221;off&#8221; button_two_border_color__hover_enabled=&#8221;off&#8221; button_border_radius__hover_enabled=&#8221;off&#8221; button_one_border_radius__hover_enabled=&#8221;off&#8221; button_two_border_radius__hover_enabled=&#8221;off&#8221; button_letter_spacing__hover_enabled=&#8221;off&#8221; button_one_letter_spacing__hover_enabled=&#8221;off&#8221; button_two_letter_spacing__hover_enabled=&#8221;off&#8221; button_bg_color__hover_enabled=&#8221;off&#8221; button_one_bg_color__hover_enabled=&#8221;off&#8221; button_two_bg_color__hover_enabled=&#8221;off&#8221;][\/et_pb_contact_field][et_pb_contact_field field_id=&#8221;Message&#8221; field_title=&#8221;Meddelande&#8221; field_type=&#8221;text&#8221; fullwidth_field=&#8221;on&#8221; _builder_version=&#8221;4.16&#8243; global_colors_info=&#8221;{}&#8221; button_text_size__hover_enabled=&#8221;off&#8221; button_one_text_size__hover_enabled=&#8221;off&#8221; button_two_text_size__hover_enabled=&#8221;off&#8221; button_text_color__hover_enabled=&#8221;off&#8221; button_one_text_color__hover_enabled=&#8221;off&#8221; button_two_text_color__hover_enabled=&#8221;off&#8221; button_border_width__hover_enabled=&#8221;off&#8221; button_one_border_width__hover_enabled=&#8221;off&#8221; button_two_border_width__hover_enabled=&#8221;off&#8221; button_border_color__hover_enabled=&#8221;off&#8221; button_one_border_color__hover_enabled=&#8221;off&#8221; button_two_border_color__hover_enabled=&#8221;off&#8221; button_border_radius__hover_enabled=&#8221;off&#8221; button_one_border_radius__hover_enabled=&#8221;off&#8221; button_two_border_radius__hover_enabled=&#8221;off&#8221; button_letter_spacing__hover_enabled=&#8221;off&#8221; button_one_letter_spacing__hover_enabled=&#8221;off&#8221; button_two_letter_spacing__hover_enabled=&#8221;off&#8221; button_bg_color__hover_enabled=&#8221;off&#8221; button_one_bg_color__hover_enabled=&#8221;off&#8221; button_two_bg_color__hover_enabled=&#8221;off&#8221;][\/et_pb_contact_field][\/et_pb_contact_form][\/et_pb_column][\/et_pb_row][\/et_pb_section]<\/p>\n","protected":false},"excerpt":{"rendered":"<p>Svensktk\u00f6tt fr\u00e5negna g\u00e5rdar.Storeg\u00e5rden f\u00f6rser dagligvaruhandeln med v\u00e5rt eget varum\u00e4rke &#8221;Storeg\u00e5rden&#8221; Svenskt k\u00f6tt fr\u00e5n v\u00e5ra egna g\u00e5rdar. Genom att \u00e4ga hela v\u00e4rdekedjan, fr\u00e5n uppf\u00f6dning till slutprodukt, kan vi s\u00e4kerst\u00e4lla h\u00f6g kvalitet och konkurrenskraftiga priser f\u00f6r v\u00e5ra kunder. V\u00e5rt sortiment inneh\u00e5ller f\u00e4rska produkter, kryddat grillsortiment, korv och r\u00f6kta produkter som bacon och kassler.V\u00e4lj k\u00f6tt fr\u00e5n Sverige. Att [&hellip;]<\/p>\n","protected":false},"author":1,"featured_media":0,"parent":0,"menu_order":0,"comment_status":"closed","ping_status":"closed","template":"","meta":{"_et_pb_use_builder":"on","_et_pb_old_content":"","_et_gb_content_width":"","footnotes":""},"class_list":["post-10","page","type-page","status-publish","hentry"],"_links":{"self":[{"href":"https:\/\/store-garden.se\/index.php?rest_route=\/wp\/v2\/pages\/10","targetHints":{"allow":["GET"]}}],"collection":[{"href":"https:\/\/store-garden.se\/index.php?rest_route=\/wp\/v2\/pages"}],"about":[{"href":"https:\/\/store-garden.se\/index.php?rest_route=\/wp\/v2\/types\/page"}],"author":[{"embeddable":true,"href":"https:\/\/store-garden.se\/index.php?rest_route=\/wp\/v2\/users\/1"}],"replies":[{"embeddable":true,"href":"https:\/\/store-garden.se\/index.php?rest_route=%2Fwp%2Fv2%2Fcomments&post=10"}],"version-history":[{"count":35,"href":"https:\/\/store-garden.se\/index.php?rest_route=\/wp\/v2\/pages\/10\/revisions"}],"predecessor-version":[{"id":94,"href":"https:\/\/store-garden.se\/index.php?rest_route=\/wp\/v2\/pages\/10\/revisions\/94"}],"wp:attachment":[{"href":"https:\/\/store-garden.se\/index.php?rest_route=%2Fwp%2Fv2%2Fmedia&parent=10"}],"curies":[{"name":"wp","href":"https:\/\/api.w.org\/{rel}","templated":true}]}}